{"id":331,"date":"2024-03-02T12:13:54","date_gmt":"2024-03-02T12:13:54","guid":{"rendered":"https:\/\/enricgine.com\/?page_id=331"},"modified":"2024-09-21T17:38:40","modified_gmt":"2024-09-21T17:38:40","slug":"descripcion-del-libro-de-enric","status":"publish","type":"page","link":"https:\/\/enricgine.com\/?page_id=331","title":{"rendered":"Descripci\u00f3n del libro de Enric"},"content":{"rendered":"\n<p class=\"has-text-align-center\">          <strong>Versi\u00f3n Castellana<\/strong><\/p>\n\n\n<div class=\"wp-block-image\">\n<figure class=\"aligncenter size-full is-resized\"><img loading=\"lazy\" decoding=\"async\" width=\"485\" height=\"688\" src=\"https:\/\/enricgine.com\/wp-content\/uploads\/2023\/11\/A58728CD-95A6-48C4-B04E-98DD3DEF43E5-1.jpg\" alt=\"\" class=\"wp-image-30\" style=\"width:569px;height:auto\" srcset=\"https:\/\/enricgine.com\/wp-content\/uploads\/2023\/11\/A58728CD-95A6-48C4-B04E-98DD3DEF43E5-1.jpg 485w, https:\/\/enricgine.com\/wp-content\/uploads\/2023\/11\/A58728CD-95A6-48C4-B04E-98DD3DEF43E5-1-211x300.jpg 211w\" sizes=\"(max-width: 485px) 100vw, 485px\" \/><\/figure><\/div>\n\n\n<p class=\"has-text-align-center\"><strong>Aqu\u00ed abajo, tienes el n\u00famero de ISBN<\/strong><\/p>\n\n\n<div class=\"wp-block-image\">\n<figure class=\"aligncenter size-full is-resized\"><img loading=\"lazy\" decoding=\"async\" width=\"381\" height=\"157\" src=\"https:\/\/enricgine.com\/wp-content\/uploads\/2023\/11\/E6EA8B08-E56F-41AA-A9B0-28910E127144-1.jpg\" alt=\"\" class=\"wp-image-31\" style=\"width:231px;height:auto\" srcset=\"https:\/\/enricgine.com\/wp-content\/uploads\/2023\/11\/E6EA8B08-E56F-41AA-A9B0-28910E127144-1.jpg 381w, https:\/\/enricgine.com\/wp-content\/uploads\/2023\/11\/E6EA8B08-E56F-41AA-A9B0-28910E127144-1-300x124.jpg 300w\" sizes=\"(max-width: 381px) 100vw, 381px\" \/><\/figure><\/div>\n\n\n<p>Hola, mi intenci\u00f3n es c\u00f3mo puedo contribuir o ayudar, o dar algunas ideas o estrategias, para as\u00ed poder enderezar la sociedad donde vivimos.<\/p>\n\n\n\n<p>Soy m\u00fasico y tambi\u00e9n he escrito dos libros el primero que es en Catal\u00e1n y el segundo es en Castellano se trata del mismo tema, y este es un an\u00e1lisis muy profundo, que hago de la sociedad en la que vivimos, y este es el motivo, del porqu\u00e9 contacto contigo y por esto voy a darte un resumen, que te doy a continuaci\u00f3n<\/p>\n\n\n\n<p>1) Una realidad es que el 99 % de la riqueza que existe en el mundo est\u00e1 en manos de solamente el 1 %<\/p>\n\n\n\n<p>2) Hay 25 millones de personas que mueren de hambre cada a\u00f1o, y un 25% son ni\u00f1os.<\/p>\n\n\n\n<p>3) Adem\u00e1s hay 850 millones de personas en el mundo que se acuestan pasando hambre.<\/p>\n\n\n\n<p>4) Tenemos en 2017 un gasto militar de 1 730 000 000 000 \u20ac. \u00bfC\u00f3mo podemos permitir esta aberraci\u00f3n tan grande?<\/p>\n\n\n\n<p>5) Hemos tenido y tenemos guerras, donde la gente se matan, pasan miseria, hambre y sufrimiento, para beneficio de los proveedores de armamentos y de otros.<\/p>\n\n\n\n<p>6) La relaci\u00f3n que tenemos entre Catalu\u00f1a y Espa\u00f1a es deplorable, la cultura catalana, est\u00e1 en extinci\u00f3n.<\/p>\n\n\n\n<p><strong>Estas seis realidades, son las que me han hecho escribir mi libro, si t\u00fa est\u00e1s de acuerdo, y quieres contribuir a hacer un mundo mejor, podr\u00edas unirte, con esta tarea, y juntos poder hacer un Mundo mejor, Salvemos el mundo !!! Salv\u00e9monos<\/strong><\/p>\n\n\n\n<p>Bien, mi libro, est\u00e1 a la venta, y podr\u00eda ser que est\u00e9s interesado con \u00e9l, es un libro que hablo de muchos temas, y me visto obligado a describir todos los temas que analizo, para que tengas una idea, de la disparidad de temas, que van desde una simplicidad, a un muy profundo an\u00e1lisis, as\u00ed es este libro, el libro tiene cuatro partes<\/p>\n\n\n\n<p>La primera parte del libro, la llamo<\/p>\n\n\n\n<p><strong>\u00abAn\u00e1lisis para un mundo mejor\u00bb<\/strong><\/p>\n\n\n\n<p>Y en este an\u00e1lisis veo que la sociedad donde vivimos va hacia el caos y la destrucci\u00f3n del planeta, nos est\u00e1 arruinando, tanto econ\u00f3micamente como f\u00edsico, moral y aniquil\u00e1ndonos, tanto como seres humanos, como tambi\u00e9n el clima, o el planeta donde vivimos, aqu\u00ed est\u00e1n los temas que analizo.<\/p>\n\n\n\n<p><strong>\u00bfQui\u00e9n somos?<\/strong><\/p>\n\n\n\n<p>1 Un&nbsp;eslab\u00f3n&nbsp;del Universo<\/p>\n\n\n\n<p>2 Historia de la humanidad<\/p>\n\n\n\n<p>3 Definici\u00f3n de Ambiente<\/p>\n\n\n\n<p>4 Paralelismo de Los 10 Mandamientos<\/p>\n\n\n\n<p>5 Definici\u00f3n de Norma<\/p>\n\n\n\n<p>6 Definici\u00f3n del Abuso<\/p>\n\n\n\n<p>7 Abolici\u00f3n del Abuso<\/p>\n\n\n\n<p>8 \u00bfEst\u00e1 la democracia al l\u00edmite de su supervivencia?<\/p>\n\n\n\n<p>9 Bondad y Maldad<\/p>\n\n\n\n<p>10 Constituci\u00f3n de una plataforma u Organizaci\u00f3n Mundial<\/p>\n\n\n\n<p>11 Estrategias Prioritarias Urgentes<\/p>\n\n\n\n<p>12 Formas de Gobierno<\/p>\n\n\n\n<p>13 Creaci\u00f3n de Culturas o Regiones y cambio pol\u00edtico por Profesional<\/p>\n\n\n\n<p>14 Estrategias de Cambio Energ\u00eda<\/p>\n\n\n\n<p>15 Estrategia de los Desiertos<\/p>\n\n\n\n<p>16 El Placer Biol\u00f3gico<\/p>\n\n\n\n<p>17 El Placer Social, influencia<\/p>\n\n\n\n<p>18 El Placer Reset, y empezar de nuevo<\/p>\n\n\n\n<p>19 Grupos de Familia<\/p>\n\n\n\n<p>20 Estrategias del Ambiente<\/p>\n\n\n\n<p>21 Conclusi\u00f3n<\/p>\n\n\n\n<p>La segunda parte del libro consta de<\/p>\n\n\n\n<p><strong>\u201cRazonamientos, Reflexiones y An\u00e1lisis \u00e9ticos\u201d<\/strong><\/p>\n\n\n\n<p>Aqu\u00ed ver\u00e1s una variedad de temas que estoy seguro de que te pueden ser interesante, como el problema de la eternidad o \u00bfqu\u00e9 es el universo?, que fue un martirio, para m\u00ed, cuando yo era muy joven, y no me dejaba ni dormir, afortunadamente encontr\u00e9 una soluci\u00f3n, que la describo en el libro, y aqu\u00ed tienes los temas que reflexiono, y analizo.<\/p>\n\n\n\n<p>1 Valores y controles de la Conducta<\/p>\n\n\n\n<p>2 Racismo, Discriminaci\u00f3n, Igualdad y Feminismo<\/p>\n\n\n\n<p>3 El Lenguaje Numeral o Matem\u00e1tico<\/p>\n\n\n\n<p>4 Casualidad \u2013 Suerte<\/p>\n\n\n\n<p>5 Trans Mental de la Conciencia<\/p>\n\n\n\n<p>6 Opiniones<\/p>\n\n\n\n<p>7 \u00bfEs el Respeto Irrespetuoso?<\/p>\n\n\n\n<p>8 El problema de la eternidad<\/p>\n\n\n\n<p>9 \u00bfQu\u00e9 es el Universo?<\/p>\n\n\n\n<p>La Tercera Parte del libro consta de<\/p>\n\n\n\n<p><strong>\u201cRelaci\u00f3n Pol\u00edtica entre Catalunya y Espa\u00f1a\u201d<\/strong><\/p>\n\n\n\n<p>Bien, aqu\u00ed quiz\u00e1s la parte m\u00e1s interesante para nosotros que vivimos en este Pa\u00eds, que es la relaci\u00f3n pol\u00edtica, aqu\u00ed doy mi versi\u00f3n del problema pol\u00edtico Catal\u00e1n-Espanyol, hago un poco de historia desde el a\u00f1o 878 hasta nuestros tiempos y hago razonamientos, reflexiones y an\u00e1lisis, para poder solucionar la situaci\u00f3n tan grave que se encuentra actualmente la cultura catalana con el riesgo de su extinci\u00f3n, y los temas son los siguientes.<\/p>\n\n\n\n<p>1 Gracias, amigos, por hacer crecer el independentismo<\/p>\n\n\n\n<p>2 Dependencia o Independencia, esta es la cuesti\u00f3n<\/p>\n\n\n\n<p>3 Los Pecados Capitales de Catalu\u00f1a<\/p>\n\n\n\n<p>4 Presos y Exiliados Pol\u00edticos<\/p>\n\n\n\n<p>5 Estrategia Pol\u00edtica Catalana-Espa\u00f1ola<\/p>\n\n\n\n<p>6 Posibles Estrategias<\/p>\n\n\n\n<p>7 Eventos de Catalu\u00f1a<\/p>\n\n\n\n<p>8 Historia de Catalu\u00f1a<\/p>\n\n\n\n<p>La Cuarta parte del libro consta de<\/p>\n\n\n\n<p><strong>\u201cLa M\u00fasica de Enric\u201d<\/strong><\/p>\n\n\n\n<p>Es un poco original, porque un libro no es una forma de escuchar m\u00fasica, pero yo, he tenido la idea de poner un c\u00f3digo QR, para as\u00ed poder escuchar m\u00fasica si es que se tiene un m\u00f3vil y el libro.<\/p>\n\n\n\n<p>Esta m\u00fasica son composiciones m\u00edas, tambi\u00e9n a trav\u00e9s de mi vida, la primera que compuse, Libertad, y fue en 1976, cuando yo viv\u00eda en Dinamarca, como puedes ver yo ya era soberanista, he compuesto 7 canciones, cinco son para mi querida Catalu\u00f1a, y dos son compuestas por la filosof\u00eda de toda mi vida, que es <strong>\u201cAma a tu pr\u00f3jimo como a ti mismo\u201d<\/strong>, y eso tambi\u00e9n comporta, un cambio de conducta, estas canciones son <strong>\u201cAm\u00e9monos\u201d<\/strong> y <strong>\u201cDespert\u00e9monos hermanos\u201d.<\/strong><\/p>\n\n\n\n<p>Aqu\u00ed abajo puedes ver las canciones que he compuesto<\/p>\n\n\n\n<p>1 Llibertat Llibertat Llibertat<\/p>\n\n\n\n<p>2 Dol\u00e7a Catalunya<\/p>\n\n\n\n<p>3 Tossa Bella<\/p>\n\n\n\n<p>4 Pa\u00efsos Catalans<\/p>\n\n\n\n<p>5 El Meu Pa\u00eds &nbsp;<\/p>\n\n\n\n<p>6 Estimem se &nbsp;<\/p>\n\n\n\n<p>7 Despertem se germans<\/p>\n\n\n\n<p><strong>Aqui puedes ir al Nido de el Enric  <a href=\"https:\/\/enricgine.cat\/es\/\">https:\/\/enricgine.cat\/es\/<\/a><\/strong><\/p>\n\n\n\n<p><strong>Si tienes un comentario ves a<a href=\"mailto:enric@enricgine.cat\" target=\"_blank\" rel=\"noreferrer noopener\"> enric@enricgine.cat<\/a> o <a href=\"enric@enricgine.com\" data-type=\"link\" data-id=\"enric@enricgine.com\">enric@enricgine.com<\/a><\/strong><\/p>\n\n\n\n<p><\/p>\n\n\n\n<p><strong>Aqu\u00ed abajo puedes clicar el enlace y puedes escuchar, si quieres, todas mis canciones<\/strong><\/p>\n\n\n\n<p><strong><a href=\"https:\/\/youtube.com\/playlist?list=PLNJmCHmgrR_VLFmRyKSBclZolEYA7HQ2A\">La m\u00fasica de Enric<\/a><\/strong><\/p>\n\n\n\n<p><strong>Aqu\u00ed abajo en el enlace, puedes comprar mi libro en Amazon<\/strong><\/p>\n\n\n\n<p><a href=\"https:\/\/libros.cc\/Analisis-para-un-mundo-mejor.htm?isbn=9788411598330\" data-type=\"link\" data-id=\"https:\/\/libros.cc\/Analisis-para-un-mundo-mejor.htm?isbn=9788411598330\">https:\/\/libros.cc\/Analisis-para-un-mundo-mejor.htm?isbn=9788411598330<\/a><\/p>\n\n\n\n<p class=\"has-text-align-center\"><a href=\"https:\/\/enricgine.com\/?customize_changeset_uuid=eca93b25-d793-474c-a29d-8e73d3b5a936&amp;customize_messenger_channel=preview-1\" target=\"_blank\" rel=\"noreferrer noopener\">Return<\/a><\/p>\n","protected":false},"excerpt":{"rendered":"<p>Versi\u00f3n Castellana Aqu\u00ed abajo, tienes el n\u00famero de ISBN Hola, mi intenci\u00f3n es c\u00f3mo puedo contribuir o ayudar, o dar algunas ideas o estrategias, para as\u00ed poder enderezar la sociedad donde vivimos. Soy m\u00fasico y tambi\u00e9n he escrito dos libros &hellip; <a href=\"https:\/\/enricgine.com\/?page_id=331\">Sigue leyendo <span class=\"meta-nav\">&rarr;<\/span><\/a><\/p>\n","protected":false},"author":1,"featured_media":0,"parent":0,"menu_order":0,"comment_status":"closed","ping_status":"closed","template":"","meta":{"footnotes":""},"class_list":["post-331","page","type-page","status-publish","hentry"],"_links":{"self":[{"href":"https:\/\/enricgine.com\/index.php?rest_route=\/wp\/v2\/pages\/331"}],"collection":[{"href":"https:\/\/enricgine.com\/index.php?rest_route=\/wp\/v2\/pages"}],"about":[{"href":"https:\/\/enricgine.com\/index.php?rest_route=\/wp\/v2\/types\/page"}],"author":[{"embeddable":true,"href":"https:\/\/enricgine.com\/index.php?rest_route=\/wp\/v2\/users\/1"}],"replies":[{"embeddable":true,"href":"https:\/\/enricgine.com\/index.php?rest_route=%2Fwp%2Fv2%2Fcomments&post=331"}],"version-history":[{"count":14,"href":"https:\/\/enricgine.com\/index.php?rest_route=\/wp\/v2\/pages\/331\/revisions"}],"predecessor-version":[{"id":505,"href":"https:\/\/enricgine.com\/index.php?rest_route=\/wp\/v2\/pages\/331\/revisions\/505"}],"wp:attachment":[{"href":"https:\/\/enricgine.com\/index.php?rest_route=%2Fwp%2Fv2%2Fmedia&parent=331"}],"curies":[{"name":"wp","href":"https:\/\/api.w.org\/{rel}","templated":true}]}}