{"id":328,"date":"2024-03-02T12:13:33","date_gmt":"2024-03-02T12:13:33","guid":{"rendered":"https:\/\/enricgine.com\/?page_id=328"},"modified":"2024-09-21T17:40:40","modified_gmt":"2024-09-21T17:40:40","slug":"beskrivelse-af-enrics-bog-2","status":"publish","type":"page","link":"https:\/\/enricgine.com\/?page_id=328","title":{"rendered":"Beskrivelse af Enrics bog"},"content":{"rendered":"\n<p class=\"has-text-align-center\"><strong>Dansk Udgaver<\/strong> <\/p>\n\n\n<div class=\"wp-block-image\">\n<figure class=\"aligncenter size-large is-resized\"><img loading=\"lazy\" decoding=\"async\" width=\"722\" height=\"1024\" src=\"https:\/\/enricgine.com\/wp-content\/uploads\/2024\/09\/Portada-danes-acoplat-1-768x1090-1-722x1024.jpg\" alt=\"\" class=\"wp-image-429\" style=\"width:564px;height:auto\"\/><\/figure><\/div>\n\n\n<div class=\"wp-block-group\"><div class=\"wp-block-group__inner-container is-layout-constrained wp-container-core-group-is-layout-1 wp-block-group-is-layout-constrained\">\n<p class=\"has-text-align-center\"><strong>Nedenfor har du ISBN-nummeret<\/strong><\/p>\n\n\n<div class=\"wp-block-image\">\n<figure class=\"aligncenter size-full is-resized\"><img loading=\"lazy\" decoding=\"async\" width=\"381\" height=\"157\" src=\"https:\/\/enricgine.com\/wp-content\/uploads\/2024\/09\/ISBN-Castella1.jpg\" alt=\"\" class=\"wp-image-463\" style=\"width:284px;height:auto\" srcset=\"https:\/\/enricgine.com\/wp-content\/uploads\/2024\/09\/ISBN-Castella1.jpg 381w, https:\/\/enricgine.com\/wp-content\/uploads\/2024\/09\/ISBN-Castella1-300x124.jpg 300w\" sizes=\"(max-width: 381px) 100vw, 381px\" \/><\/figure><\/div>\n\n\n<p><\/p>\n\n\n\n<p>Hej, min hensigt er, hvordan jeg kan bidrage eller hj\u00e6lpe, eller give nogle ideer eller strategier, for at rette op p\u00e5 det samfund, hvor vi bor.<\/p>\n\n\n\n<p>Jeg er musiker, og jeg har ogs\u00e5 skrevet to b\u00f8ger, den f\u00f8rste er p\u00e5 catalansk og den anden er p\u00e5 spansk, det handler om det samme emne, og det er en meget dyb analyse, jeg laver af det samfund, vi lever i. , og dette er grunden til, hvorfor jeg kontaktede dig, og derfor vil jeg give dig et resum\u00e9, som jeg giver dig nedenfor<\/p>\n\n\n\n<p><\/p>\n\n\n\n<p>1) En realitet er, at 99% af den rigdom, der findes i verden, kun er i h\u00e6nderne p\u00e5 1%.<\/p>\n\n\n\n<p><\/p>\n\n\n\n<p>2) Der er 25 millioner mennesker, der d\u00f8r af sult hvert \u00e5r, og 25% er b\u00f8rn<\/p>\n\n\n\n<p><\/p>\n\n\n\n<p>.3) Ydermere er der 850 millioner mennesker i verden, der g\u00e5r sultne i seng.<\/p>\n\n\n\n<p><\/p>\n\n\n\n<p>4) I 2017 har vi en milit\u00e6rudgift p\u00e5 \u20ac1.730.000.000.000. Hvordan kan vi tillade denne enorme aberration?<\/p>\n\n\n\n<p><\/p>\n\n\n\n<p>5) Vi har haft og har krige, hvor mennesker dr\u00e6ber hinanden, lider elendighed, sult og lidelse, til gavn for v\u00e5benleverand\u00f8rer.<\/p>\n\n\n\n<p><\/p>\n\n\n\n<p>6) Forholdet, vi har mellem Catalonien og Spanien, er beklageligt, den catalanske kultur er ved at udd\u00f8.<\/p>\n\n\n\n<p><\/p>\n\n\n\n<p><strong>Disse seks realiteter er det, der fik mig til at skrive min bog, hvis du er enig, og vil bidrage til at g\u00f8re en bedre verden, kunne du v\u00e6re med, med denne opgave, og sammen kan vi lave en bedre verden, Lad os redde verden!!! Lad os redde os selv<\/strong><\/p>\n\n\n\n<p><\/p>\n\n\n\n<p>N\u00e5, min bog er til salg, og du kan v\u00e6re interesseret i den, det er en bog, der taler om mange emner, og jeg er tvunget til at beskrive alle de emner, som jeg analyserer, s\u00e5 du har en id\u00e9 om forskellen af temaer, lige fra enkelhed til en meget dyb analyse, s\u00e5dan er denne bog, bogen har fire dele<\/p>\n\n\n\n<p>Den f\u00f8rste del af bogen kalder jeg den<\/p>\n\n\n\n<p><\/p>\n\n\n\n<p><strong>\u00abAnalyse for en bedre verden\u00bb<\/strong><\/p>\n\n\n\n<p><\/p>\n\n\n\n<p>Og i denne analyse ser jeg, at samfundet, hvor vi lever, g\u00e5r mod kaos og \u00f8del\u00e6ggelse af planeten, det \u00f8del\u00e6gger os, b\u00e5de \u00f8konomisk, fysisk, moralsk og udsletter os, b\u00e5de som mennesker, s\u00e5vel som klimaet, eller planeten, hvor vi bor, her Det er de emner, jeg analyserer.<\/p>\n\n\n\n<p><\/p>\n\n\n\n<p><strong>Hvem er vi?<\/strong><\/p>\n\n\n\n<p><\/p>\n\n\n\n<p>1 Et link i universet<\/p>\n\n\n\n<p><\/p>\n\n\n\n<p>2 Menneskehedens historie<\/p>\n\n\n\n<p><\/p>\n\n\n\n<p>3 Definition af milj\u00f8<\/p>\n\n\n\n<p><\/p>\n\n\n\n<p>4 Parallelisme af de 10 bud<\/p>\n\n\n\n<p><\/p>\n\n\n\n<p>5 Definition af standard<\/p>\n\n\n\n<p><\/p>\n\n\n\n<p>6 Definition af misbrug<\/p>\n\n\n\n<p><\/p>\n\n\n\n<p>7 Afskaffelse af misbrug<\/p>\n\n\n\n<p><\/p>\n\n\n\n<p>8 Er demokratiet p\u00e5 gr\u00e6nsen af \u200b\u200bdets overlevelse?<\/p>\n\n\n\n<p><\/p>\n\n\n\n<p>9 Godhed og ondskab<\/p>\n\n\n\n<p><\/p>\n\n\n\n<p>10 Konstitution af en platform eller <\/p>\n\n\n\n<p>verdensorganisation<\/p>\n\n\n\n<p><\/p>\n\n\n\n<p>11 Presserende prioriterede strategier<\/p>\n\n\n\n<p><\/p>\n\n\n\n<p>12 Regeringsformer<\/p>\n\n\n\n<p><\/p>\n\n\n\n<p>13 Skabelse af kulturer eller Regioner og politiske forandringer af professionelle<\/p>\n\n\n\n<p><\/p>\n\n\n\n<p>14 Energi\u00e6ndringsstrategier<\/p>\n\n\n\n<p><\/p>\n\n\n\n<p>15 \u00d8rkenstrategi<\/p>\n\n\n\n<p><\/p>\n\n\n\n<p>16 Biologisk forn\u00f8jelse<\/p>\n\n\n\n<p><\/p>\n\n\n\n<p>17 Social forn\u00f8jelse, indflydelse<\/p>\n\n\n\n<p><\/p>\n\n\n\n<p>18 Forn\u00f8jelse Reset, og start forfra<\/p>\n\n\n\n<p><\/p>\n\n\n\n<p>19 Familiegrupper<\/p>\n\n\n\n<p><\/p>\n\n\n\n<p>20 Milj\u00f8strategier<\/p>\n\n\n\n<p><\/p>\n\n\n\n<p>21 Konklusion<\/p>\n\n\n\n<p><\/p>\n\n\n\n<p>Anden del af bogen best\u00e5r af<\/p>\n\n\n\n<p><\/p>\n\n\n\n<p><strong>\u00abR\u00e6sonnere, refleksioner og etisk analyse\u00bb<\/strong><\/p>\n\n\n\n<p><\/p>\n\n\n\n<p>Her vil du se en r\u00e6kke emner, som jeg er sikker p\u00e5 vil v\u00e6re interessante for dig, s\u00e5som Evighedens problem, eller Hvad er universet?, som var et martyrium for mig, da jeg var meget ung, og det gjorde det ikke engang, lad mig sove.. Heldigvis fandt jeg en l\u00f8sning, som jeg beskriver i bogen, og her har du de problemstillinger, som jeg reflekterer over og analyserer.<\/p>\n\n\n\n<p><\/p>\n\n\n\n<p>1 V\u00e6rdier og adf\u00e6rdskontroller<\/p>\n\n\n\n<p><\/p>\n\n\n\n<p>2 Racisme, diskrimination, ligestilling og feminisme<\/p>\n\n\n\n<p><\/p>\n\n\n\n<p>3 Tal eller matematisk sprog<\/p>\n\n\n\n<p><\/p>\n\n\n\n<p>4 Chance \u2013 held<\/p>\n\n\n\n<p><\/p>\n\n\n\n<p>5 Transmental bevidsthed<\/p>\n\n\n\n<p><\/p>\n\n\n\n<p>6 Meninger<\/p>\n\n\n\n<p><\/p>\n\n\n\n<p>7 Er respekt respektl\u00f8st?<\/p>\n\n\n\n<p><\/p>\n\n\n\n<p>8 Evighedens problem<\/p>\n\n\n\n<p><\/p>\n\n\n\n<p>9 Hvad er universet?<\/p>\n\n\n\n<p><\/p>\n\n\n\n<p>Bogens tredje del best\u00e5r af<\/p>\n\n\n\n<p><\/p>\n\n\n\n<p><strong>\u00abDet politiske forhold mellem Catalonien og Spanien\u00bb<\/strong><\/p>\n\n\n\n<p><\/p>\n\n\n\n<p>N\u00e5, her er m\u00e5ske den mest interessante del for os, der bor i dette land, som er det politiske forhold, her giver jeg min version af det Katalansk-Spansk politiske problem, jeg skrive lidt historie fra \u00e5r 878 til vores tid, og jeg skrive r\u00e6sonnementer, refleksioner og analyser, med henblik p\u00e5 at l\u00f8se den alvorlige situation, som den catalanske kultur i \u00f8jeblikket befinder sig i med risiko for at udd\u00f8, og emnerne er f\u00f8lgende.<\/p>\n\n\n\n<p><\/p>\n\n\n\n<p>1 Tak, venner, for at f\u00e5 uafh\u00e6ngighedsbev\u00e6gelsen til at vokse<\/p>\n\n\n\n<p><\/p>\n\n\n\n<p>2 Afh\u00e6ngighed eller Uafh\u00e6ngighed, dette er sp\u00f8rgsm\u00e5let<\/p>\n\n\n\n<p><\/p>\n\n\n\n<p>3 Cataloniens d\u00f8dssynder<\/p>\n\n\n\n<p><\/p>\n\n\n\n<p>4 Politiske fanger og eksil<\/p>\n\n\n\n<p><\/p>\n\n\n\n<p>5 Katalansk-Spansk politisk strategi<\/p>\n\n\n\n<p><\/p>\n\n\n\n<p>6 Mulige strategier<\/p>\n\n\n\n<p><\/p>\n\n\n\n<p>7 Begivenheder i Catalonien<\/p>\n\n\n\n<p><\/p>\n\n\n\n<p>8 Kataloniens historie<\/p>\n\n\n\n<p><\/p>\n\n\n\n<p>Bogens fjerde del best\u00e5r af<\/p>\n\n\n\n<p><\/p>\n\n\n\n<p><strong>\u201cEnrics musik\u201d<\/strong><\/p>\n\n\n\n<p><\/p>\n\n\n\n<p>Det er lidt originalt, for en bog er ikke en m\u00e5de at lytte til musik p\u00e5, men jeg havde den id\u00e9 at s\u00e6tte en QR-kode, s\u00e5 du kan lytte til musik, hvis du har en mobiltelefon og bogen.<\/p>\n\n\n\n<p>Denne musik er mine kompositioner, ogs\u00e5 gennem hele mit liv, den f\u00f8rste jeg komponerede, Libertad, og det var i 1976, da jeg boede i Danmark, som du kan se var jeg allerede suver\u00e6nist, jeg har komponeret 7 sange, fem er for mit elskede Catalonien, og to er komponeret efter hele mit livs filosofi, som er <strong>\u00abElsk din n\u00e6ste som dig selv\u00bb<\/strong>, og det medf\u00f8rer ogs\u00e5 en \u00e6ndring i adf\u00e6rd, disse sange er <strong>\u00abAm\u00e9monos\u00bb og \u00abDespert\u00e9monos brothers\u00bb<\/strong>.<\/p>\n\n\n\n<p><\/p>\n\n\n\n<p>Herunder kan du se de sange jeg har komponeret<\/p>\n\n\n\n<p><\/p>\n\n\n\n<p>1 Llibertat Llibertat Llibertat<\/p>\n\n\n\n<p><\/p>\n\n\n\n<p>2 Dol\u00e7a Catalunya<\/p>\n\n\n\n<p><\/p>\n\n\n\n<p>3 Tossa Bella<\/p>\n\n\n\n<p><\/p>\n\n\n\n<p>4 catalanske lande<\/p>\n\n\n\n<p><\/p>\n\n\n\n<p>5 Mit land<\/p>\n\n\n\n<p><\/p>\n\n\n\n<p>6 Estimam se<\/p>\n\n\n\n<p><\/p>\n\n\n\n<p>7 V\u00e5gn op til tyskerne<\/p>\n\n\n\n<p><\/p>\n\n\n\n<p><strong>Her kan du g\u00e5 til Enrics Fuglerede<\/strong><\/p>\n\n\n\n<p><a href=\"https:\/\/enricgine.cat\/dk\/\" target=\"_blank\" rel=\"noreferrer noopener\"><strong> https:\/\/enricgine.cat\/dk\/<\/strong><\/a><\/p>\n\n\n\n<p><\/p>\n\n\n\n<p><strong>Hvis du har en kommentar, <\/strong>s\u00e5 g\u00e5 til<strong> <a href=\"mailto:enric@enricgine.cat\">enric@enricgine.cat<\/a> <\/strong>eller<strong> <a href=\"mailto:enric@enricgine.com\">enric@enricgine.com<\/a><\/strong><\/p>\n\n\n\n<p><\/p>\n\n\n\n<p><strong>Nedenfor kan du klikke p\u00e5 linket, og du kan lytte, hvis du vil, til alle mine sange<\/strong><\/p>\n\n\n\n<p class=\"has-text-align-center\"><strong><a href=\"https:\/\/youtube.com\/playlist?list=PLNJmCHmgrR_VLFmRyKSBclZolEYA7HQ2A\">Enrics musik<\/a><\/strong><\/p>\n\n\n\n<p><strong>Nedenfor i linket kan du k\u00f8be min bog p\u00e5 Amazon<\/strong><\/p>\n\n\n\n<p><a href=\"https:\/\/libros.cc\/Analisis-para-un-mundo-mejor.htm?isbn=9788411598330\" target=\"_blank\" rel=\"noreferrer noopener nofollow\">https:\/\/libros.<\/a>cc<a href=\"https:\/\/libros.cc\/Analisis-para-un-mundo-mejor.htm?isbn=9788411598330\" target=\"_blank\" rel=\"noreferrer noopener\">\/Analisis-para-un-mundo-mejor.htm?isbn=9788411598330<\/a><\/p>\n\n\n\n<p><\/p>\n\n\n\n<p class=\"has-text-align-center\"><a href=\"https:\/\/enricgine.com\"><strong>Return<\/strong><\/a><\/p>\n<\/div><\/div>\n","protected":false},"excerpt":{"rendered":"<p>Dansk Udgaver Nedenfor har du ISBN-nummeret Hej, min hensigt er, hvordan jeg kan bidrage eller hj\u00e6lpe, eller give nogle ideer eller strategier, for at rette op p\u00e5 det samfund, hvor vi bor. Jeg er musiker, og jeg har ogs\u00e5 skrevet &hellip; <a href=\"https:\/\/enricgine.com\/?page_id=328\">Sigue leyendo <span class=\"meta-nav\">&rarr;<\/span><\/a><\/p>\n","protected":false},"author":1,"featured_media":0,"parent":0,"menu_order":0,"comment_status":"closed","ping_status":"closed","template":"","meta":{"footnotes":""},"class_list":["post-328","page","type-page","status-publish","hentry"],"_links":{"self":[{"href":"https:\/\/enricgine.com\/index.php?rest_route=\/wp\/v2\/pages\/328"}],"collection":[{"href":"https:\/\/enricgine.com\/index.php?rest_route=\/wp\/v2\/pages"}],"about":[{"href":"https:\/\/enricgine.com\/index.php?rest_route=\/wp\/v2\/types\/page"}],"author":[{"embeddable":true,"href":"https:\/\/enricgine.com\/index.php?rest_route=\/wp\/v2\/users\/1"}],"replies":[{"embeddable":true,"href":"https:\/\/enricgine.com\/index.php?rest_route=%2Fwp%2Fv2%2Fcomments&post=328"}],"version-history":[{"count":18,"href":"https:\/\/enricgine.com\/index.php?rest_route=\/wp\/v2\/pages\/328\/revisions"}],"predecessor-version":[{"id":507,"href":"https:\/\/enricgine.com\/index.php?rest_route=\/wp\/v2\/pages\/328\/revisions\/507"}],"wp:attachment":[{"href":"https:\/\/enricgine.com\/index.php?rest_route=%2Fwp%2Fv2%2Fmedia&parent=328"}],"curies":[{"name":"wp","href":"https:\/\/api.w.org\/{rel}","templated":true}]}}